{"id":1346,"date":"2017-08-14T12:28:05","date_gmt":"2017-08-14T12:28:05","guid":{"rendered":"http:\/\/ferienwohnung-krapohl.de\/?page_id=1346"},"modified":"2023-06-06T08:11:03","modified_gmt":"2023-06-06T08:11:03","slug":"startseite","status":"publish","type":"page","link":"https:\/\/ferienwohnung-krapohl.de\/","title":{"rendered":"Startseite"},"content":{"rendered":"<p>Entfliehen Sie dem Alltag und genie\u00dfen Sie die sch\u00f6nsten Tage des Jahres in unserer gem\u00fctlichen <img loading=\"lazy\" decoding=\"async\" class=\"alignnone size-full wp-image-1557\" src=\"https:\/\/ferienwohnung-krapohl.de\/wp-content\/uploads\/2023\/06\/stern_klein_on.gif\" alt=\"\" width=\"15\" height=\"15\" \/><img loading=\"lazy\" decoding=\"async\" class=\"alignnone size-full wp-image-1557\" src=\"https:\/\/ferienwohnung-krapohl.de\/wp-content\/uploads\/2023\/06\/stern_klein_on.gif\" alt=\"\" width=\"15\" height=\"15\" \/><img loading=\"lazy\" decoding=\"async\" class=\"alignnone size-full wp-image-1557\" src=\"https:\/\/ferienwohnung-krapohl.de\/wp-content\/uploads\/2023\/06\/stern_klein_on.gif\" alt=\"\" width=\"15\" height=\"15\" \/><img loading=\"lazy\" decoding=\"async\" class=\"alignnone size-full wp-image-1557\" src=\"https:\/\/ferienwohnung-krapohl.de\/wp-content\/uploads\/2023\/06\/stern_klein_on.gif\" alt=\"\" width=\"15\" height=\"15\" \/> Ferienwohnung. Wir laden Sie herzlich ein, unser Gast zu sein und die herrliche Umgebung von Bad Harzburg zu erkunden.<\/p>\n<p>Auf den folgenden Seiten m\u00f6chten wir Ihnen unsere Ferienwohnung und die charmante Stadt Bad Harzburg vorstellen. Lassen Sie sich von der Vielfalt und den zahlreichen Freizeitm\u00f6glichkeiten dieser Region begeistern.<\/p>\n<p>Unsere Ferienwohnung wurde mit viel Liebe zum Detail eingerichtet und bietet Ihnen allen Komfort, den Sie f\u00fcr einen erholsamen Aufenthalt ben\u00f6tigen.\u00a0 Hier k\u00f6nnen Sie sich wie zu Hause f\u00fchlen und Ihre Privatsph\u00e4re genie\u00dfen.<\/p>\n<p>Besuchen Sie uns und erleben Sie unvergessliche Tage in unserer Ferienwohnung in Bad Harzburg am Butterberg. Wir freuen uns auf Sie!<\/p>\n<p>Ihre Renate und J\u00fcrgen Krapohl<\/p>\n","protected":false},"excerpt":{"rendered":"<p>Entfliehen Sie dem Alltag und genie\u00dfen Sie die sch\u00f6nsten Tage des Jahres in unserer gem\u00fctlichen Ferienwohnung. Wir laden Sie herzlich ein, unser Gast zu sein und die herrliche Umgebung von Bad Harzburg zu erkunden. Auf den folgenden Seiten m\u00f6chten wir Ihnen unsere Ferienwohnung und die charmante Stadt Bad Harzburg vorstellen. Lassen Sie sich von der &hellip; <\/p>\n<p class=\"link-more\"><a href=\"https:\/\/ferienwohnung-krapohl.de\/\" class=\"more-link\"><span class=\"screen-reader-text\">\u201eStartseite\u201c<\/span> weiterlesen<\/a><\/p>\n","protected":false},"author":1,"featured_media":0,"parent":0,"menu_order":0,"comment_status":"closed","ping_status":"closed","template":"","meta":{"ngg_post_thumbnail":0,"footnotes":""},"_links":{"self":[{"href":"https:\/\/ferienwohnung-krapohl.de\/index.php?rest_route=\/wp\/v2\/pages\/1346"}],"collection":[{"href":"https:\/\/ferienwohnung-krapohl.de\/index.php?rest_route=\/wp\/v2\/pages"}],"about":[{"href":"https:\/\/ferienwohnung-krapohl.de\/index.php?rest_route=\/wp\/v2\/types\/page"}],"author":[{"embeddable":true,"href":"https:\/\/ferienwohnung-krapohl.de\/index.php?rest_route=\/wp\/v2\/users\/1"}],"replies":[{"embeddable":true,"href":"https:\/\/ferienwohnung-krapohl.de\/index.php?rest_route=%2Fwp%2Fv2%2Fcomments&post=1346"}],"version-history":[{"count":10,"href":"https:\/\/ferienwohnung-krapohl.de\/index.php?rest_route=\/wp\/v2\/pages\/1346\/revisions"}],"predecessor-version":[{"id":1562,"href":"https:\/\/ferienwohnung-krapohl.de\/index.php?rest_route=\/wp\/v2\/pages\/1346\/revisions\/1562"}],"wp:attachment":[{"href":"https:\/\/ferienwohnung-krapohl.de\/index.php?rest_route=%2Fwp%2Fv2%2Fmedia&parent=1346"}],"curies":[{"name":"wp","href":"https:\/\/api.w.org\/{rel}","templated":true}]}}