{"id":1379,"date":"2017-08-14T13:54:52","date_gmt":"2017-08-14T13:54:52","guid":{"rendered":"http:\/\/ferienwohnung-krapohl.de\/?page_id=1379"},"modified":"2023-06-06T08:05:05","modified_gmt":"2023-06-06T08:05:05","slug":"bad-harzburg","status":"publish","type":"page","link":"https:\/\/ferienwohnung-krapohl.de\/?page_id=1379","title":{"rendered":"Bad Harzburg"},"content":{"rendered":"<p>Willkommen in Bad Harzburg, einer malerischen Stadt, die am Fu\u00dfe des Harzgebirges liegt und mit ihrem historischen Charme und ihrer nat\u00fcrlichen Sch\u00f6nheit begeistert. Ob Sie einen erholsamen Kurzurlaub oder ein abenteuerliches Outdoor-Abenteuer suchen, Bad Harzburg bietet f\u00fcr jeden etwas. Hier sind einige der Highlights, die Sie in dieser bezaubernden Stadt erwarten.<\/p>\n<p>Nat\u00fcrliche Sch\u00f6nheit und Erholung:<br \/>\nBad Harzburg ist von einer atemberaubenden Landschaft umgeben, die zu erholsamen Spazierg\u00e4ngen und Outdoor-Aktivit\u00e4ten einl\u00e4dt. Die Harzburger Berge bieten zahlreiche Wanderwege, die Sie zu malerischen Aussichtspunkten und idyllischen Waldgebieten f\u00fchren. Der Burgberg mit seiner imposanten Burgruine und dem Baumwipfelpfad ist ein beliebtes Ausflugsziel und bietet einen beeindruckenden Blick \u00fcber die Stadt und die umliegende Natur.<\/p>\n<p>Wellness und Entspannung:<br \/>\nBad Harzburg ist auch f\u00fcr seine wohltuenden Thermalquellen bekannt. Genie\u00dfen Sie eine entspannende Auszeit in den modernen Wellness-Einrichtungen und lassen Sie sich bei einer wohltuenden Massage oder einem Thermalbad verw\u00f6hnen. Das ber\u00fchmte Sole-Heilbad bietet zudem verschiedene Anwendungen zur Gesundheitsf\u00f6rderung und Rehabilitation.<\/p>\n<p>Kulturelle Sehensw\u00fcrdigkeiten:<br \/>\nDie Stadt Bad Harzburg hat eine reiche Geschichte, die sich in den historischen Geb\u00e4uden und Denkm\u00e4lern widerspiegelt. Besuchen Sie das imposante Schloss Bad Harzburg, das im 19. Jahrhundert im neugotischen Stil erbaut wurde und heute als Hotel dient. Spazieren Sie durch den charmanten Bummelallee-Park, der mit seinen pr\u00e4chtigen Villen aus der Gr\u00fcnderzeit beeindruckt. Ein besonderes Highlight ist der Burgberg mit der Ruine der Harzburg, einer mittelalterlichen Festung, die einen faszinierenden Einblick in die Vergangenheit bietet.<\/p>\n<p>Aktivit\u00e4ten f\u00fcr Abenteurer:<br \/>\nF\u00fcr Outdoor-Enthusiasten gibt es in Bad Harzburg viele M\u00f6glichkeiten, den Adrenalinspiegel in die H\u00f6he zu treiben. Unternehmen Sie eine rasante Fahrt mit der l\u00e4ngsten Seilbahn Norddeutschlands und genie\u00dfen Sie dabei einen spektakul\u00e4ren Blick \u00fcber die Landschaft. Im umliegenden Nationalpark Harz k\u00f6nnen Sie Mountainbike-Touren, Kletterabenteuer und sogar den Brocken, den h\u00f6chsten Gipfel des Harzes, erkunden. Im Winter bietet die Region zudem erstklassige Skigebiete und Langlaufloipen f\u00fcr Wintersportliebhaber.<\/p>\n<p>Kulinarische Gen\u00fcsse:<br \/>\nLassen Sie Ihren Tag in Bad Harzburg mit einer kulinarischen Entdeckungsreise durch die lokale K\u00fcche ausklingen. Probieren Sie deftige Harzer Spezialit\u00e4ten wie den Harzer K\u00e4se oder genie\u00dfen Sie regionale Wildgerichte in gem\u00fctlichen Restaurants. Die Stadt bietet auch eine Vielzahl von Caf\u00e9s und B\u00e4ckereien, in denen Sie hausgemachte Kuchen und Geb\u00e4ck probieren k\u00f6nnen.<\/p>\n<p>Bad Harzburg ist ein wahrer Geheimtipp f\u00fcr alle, die einen erholsamen und abwechslungsreichen Urlaub verbringen m\u00f6chten. Mit seiner nat\u00fcrlichen Sch\u00f6nheit, den historischen Sehensw\u00fcrdigkeiten, den Aktivit\u00e4ten im Freien und dem kulinarischen Genuss bietet diese Stadt alles, was das Herz begehrt. Entdecken Sie Bad Harzburg und lassen Sie sich von seinem einzigartigen Charme verzaubern.<\/p>\n<p>F\u00fcr Sportfans bietet Bad Harzburg eine Vielzahl von M\u00f6glichkeiten, wie z. B. Touren mit dem Mountainbike, Wandern, Nordic Walking Tennis, Reiten, Golf spielen und vieles mehr. F\u00fcr Entspannung sorgt ein Besuch in der Soleterme oder ein Bummel durch die Fu\u00dfg\u00e4ngerzone, die mit ihren vielen Gesch\u00e4ften und Caf\u00e9s zum verweilen einl\u00e4dt. Adrenalin pur erleben Sie in Hochseilpark.<\/p>\n<p>Einen wundersch\u00f6nen Blick auf Bad Harzburg k\u00f6nnen Sie erleben, wenn Sie mit der Seilbahn auf den Burgberg fahren.<\/p>\n<p>Wollen Sie den Wald aus der Perspektive der V\u00f6gel sehen, kein Problem &#8211; der ca. 1 Km lange Baumwipfelpfad l\u00e4dt sie ein.<\/p>\n<p>Dies ist nur ein kleiner Ausblick auf Ihre M\u00f6glichkeiten in Bad Harzburg und Umgebung.<\/p>\n","protected":false},"excerpt":{"rendered":"<p>Willkommen in Bad Harzburg, einer malerischen Stadt, die am Fu\u00dfe des Harzgebirges liegt und mit ihrem historischen Charme und ihrer nat\u00fcrlichen Sch\u00f6nheit begeistert. Ob Sie einen erholsamen Kurzurlaub oder ein abenteuerliches Outdoor-Abenteuer suchen, Bad Harzburg bietet f\u00fcr jeden etwas. Hier sind einige der Highlights, die Sie in dieser bezaubernden Stadt erwarten. Nat\u00fcrliche Sch\u00f6nheit und Erholung: &hellip; <\/p>\n<p class=\"link-more\"><a href=\"https:\/\/ferienwohnung-krapohl.de\/?page_id=1379\" class=\"more-link\"><span class=\"screen-reader-text\">\u201eBad Harzburg\u201c<\/span> weiterlesen<\/a><\/p>\n","protected":false},"author":1,"featured_media":0,"parent":1346,"menu_order":0,"comment_status":"closed","ping_status":"closed","template":"","meta":{"ngg_post_thumbnail":0,"footnotes":""},"_links":{"self":[{"href":"https:\/\/ferienwohnung-krapohl.de\/index.php?rest_route=\/wp\/v2\/pages\/1379"}],"collection":[{"href":"https:\/\/ferienwohnung-krapohl.de\/index.php?rest_route=\/wp\/v2\/pages"}],"about":[{"href":"https:\/\/ferienwohnung-krapohl.de\/index.php?rest_route=\/wp\/v2\/types\/page"}],"author":[{"embeddable":true,"href":"https:\/\/ferienwohnung-krapohl.de\/index.php?rest_route=\/wp\/v2\/users\/1"}],"replies":[{"embeddable":true,"href":"https:\/\/ferienwohnung-krapohl.de\/index.php?rest_route=%2Fwp%2Fv2%2Fcomments&post=1379"}],"version-history":[{"count":9,"href":"https:\/\/ferienwohnung-krapohl.de\/index.php?rest_route=\/wp\/v2\/pages\/1379\/revisions"}],"predecessor-version":[{"id":1560,"href":"https:\/\/ferienwohnung-krapohl.de\/index.php?rest_route=\/wp\/v2\/pages\/1379\/revisions\/1560"}],"up":[{"embeddable":true,"href":"https:\/\/ferienwohnung-krapohl.de\/index.php?rest_route=\/wp\/v2\/pages\/1346"}],"wp:attachment":[{"href":"https:\/\/ferienwohnung-krapohl.de\/index.php?rest_route=%2Fwp%2Fv2%2Fmedia&parent=1379"}],"curies":[{"name":"wp","href":"https:\/\/api.w.org\/{rel}","templated":true}]}}