{"id":1593,"date":"2024-03-19T10:31:50","date_gmt":"2024-03-19T10:31:50","guid":{"rendered":"https:\/\/ferienwohnung-krapohl.de\/?page_id=1593"},"modified":"2024-03-19T10:31:50","modified_gmt":"2024-03-19T10:31:50","slug":"datenschutzerklaerung","status":"publish","type":"page","link":"https:\/\/ferienwohnung-krapohl.de\/?page_id=1593","title":{"rendered":"Datenschutzerkl\u00e4rung"},"content":{"rendered":"\n<p><\/p>\n\n\n\n<p>Allgemeine Datenschutzinformationen<\/p>\n\n\n\n<ol>\n<li>Name und Kontaktdaten des f\u00fcr die Verarbeitung Verantwortlichen<\/li>\n<\/ol>\n\n\n\n<p>J\u00fcrgen und Renate Krapohl<br>Eichendorffstra\u00dfe 52<br>38667 Bad Harzubrg<\/p>\n\n\n\n<p>E-Mail: juergen-krapohl@t-online.de<\/p>\n\n\n\n<ol start=\"2\">\n<li>Betroffenenrechte<br>Sie haben das Recht:<br>\u2022 gem\u00e4\u00df Art. 15 DSGVO Auskunft \u00fcber Ihre von uns verarbeiteten personenbezogenen Daten zu verlangen. Sofern wir Ihre Daten verarbeiten, k\u00f6nnen Sie insbesondere Auskunft \u00fcber die Verarbeitungszwecke, die Kategorie der personenbezogenen Daten, die Kategorien von Empf\u00e4ngern, gegen\u00fcber denen Ihre Daten offengelegt wurden oder werden, insbesondere bei Empf\u00e4ngern in Drittl\u00e4ndern, die geplante Speicherdauer oder die Kriterien f\u00fcr deren Festlegung, das Bestehen eines Rechts auf Berichtigung, L\u00f6schung, Einschr\u00e4nkung der Verarbeitung oder Widerspruch, das Bestehen eines Beschwerderechts bei einer Aufsichtsbeh\u00f6rde, die Herkunft ihrer Daten, sofern diese nicht bei uns erhoben wurden, sowie \u00fcber das Bestehen einer automatisierten Entscheidungsfindung einschlie\u00dflich Profiling und ggf. aussagekr\u00e4ftigen Informationen zu deren Einzelheiten verlangen;<br>\u2022 gem\u00e4\u00df Art. 16 DSGVO unverz\u00fcglich die Berichtigung unrichtiger oder Vervollst\u00e4ndigung Ihrer bei uns gespeicherten personenbezogenen Daten zu verlangen;<br>\u2022 gem\u00e4\u00df Art. 17 DSGVO die L\u00f6schung Ihrer bei uns gespeicherten personenbezogenen Daten zu verlangen, soweit nicht die Verarbeitung insbesondere zur Aus\u00fcbung des Rechts auf freie Meinungs\u00e4u\u00dferung und Information, zur Erf\u00fcllung einer rechtlichen Verpflichtung, aus Gr\u00fcnden des \u00f6ffentlichen Interesses oder zur Geltendmachung, Aus\u00fcbung oder Verteidigung von Rechtsanspr\u00fcchen erforderlich ist;<br>\u2022 gem\u00e4\u00df Art. 18 DSGVO die Einschr\u00e4nkung der Verarbeitung Ihrer personenbezogenen Daten zu verlangen, soweit die Richtigkeit der Daten von Ihnen bestritten wird, die Verarbeitung unrechtm\u00e4\u00dfig ist, Sie aber deren L\u00f6schung ablehnen und wir die Daten nicht mehr ben\u00f6tigen, Sie jedoch diese zur Geltendmachung, Aus\u00fcbung oder Verteidigung von Rechtsanspr\u00fcchen ben\u00f6tigen oder Sie gem\u00e4\u00df Art. 21 DSGVO Widerspruch gegen die Verarbeitung eingelegt haben und noch nicht feststeht, ob unsere berechtigten Gr\u00fcnde gegen\u00fcber Ihren Interessen \u00fcberwiegen;<br>\u2022 gem\u00e4\u00df Art. 20 DSGVO Ihre personenbezogenen Daten, die Sie uns bereitgestellt haben, in einem strukturierten, g\u00e4ngigen und maschinenlesebaren Format zu erhalten oder die \u00dcbermittlung an einen anderen Verantwortlichen zu verlangen, sofern die Verarbeitung auf Ihrer Einwilligung oder einem Vertrag beruht und die Verarbeitung mithilfe automatisierter Verfahren erfolgt;<br>\u2022 gem\u00e4\u00df Art. 7 Abs. 3 DSGVO Ihre einmal erteilte Einwilligung jederzeit gegen\u00fcber uns zu wider-rufen. Dies hat zur Folge, dass wir die Datenverarbeitung, die auf dieser Einwilligung beruhte, f\u00fcr die Zukunft nicht mehr fortf\u00fchren d\u00fcrfen und<br>\u2022 gem\u00e4\u00df Art. 77 DSGVO sich bei einer Aufsichtsbeh\u00f6rde zu beschweren. In der Regel k\u00f6nnen Sie sich hierf\u00fcr an die Aufsichtsbeh\u00f6rde Ihres \u00fcblichen Aufenthaltsortes oder Arbeitsplatzes oder unseres Unternehmenssitzes wenden.<\/li>\n\n\n\n<li>Widerspruchsrecht<br>Sofern Ihre personenbezogenen Daten auf Grundlage von berechtigten Interessen gem\u00e4\u00df Art. 6 Abs. 1 S. 1 lit. e oder f DSGVO verarbeitet werden, haben Sie das Recht, gem\u00e4\u00df Art. 21 DSGVO Widerspruch gegen die Verarbeitung Ihrer personenbezogenen Daten einzulegen, soweit daf\u00fcr Gr\u00fcnde vorliegen, die sich aus Ihrer besonderen Situation ergeben oder sich der Widerspruch gegen Direktwerbung richtet.<br>Im erstgenannten Fall verarbeiten wir Ihre Daten nicht mehr, es sei denn, wir k\u00f6nnen zwingende Gr\u00fcnde nachweisen, die Ihre Interessen, Freiheiten und Rechte \u00fcberwiegen oder unsere Verarbeitung der Geltendmachung, Aus\u00fcbung oder Verteidigung von Rechtanspr\u00fcchen dient.<br>Im letzteren Fall haben Sie ein generelles Widerspruchsrecht, das ohne Angabe einer besonderen Situation von uns umgesetzt wird. M\u00f6chten Sie von Ihrem Widerrufs- oder Widerspruchsrecht Gebrauch machen, gen\u00fcgt eine E-Mail an juergen-krapohl@t-online.de.<\/li>\n\n\n\n<li>Weitergabe von Daten<br>Eine \u00dcbermittlung Ihrer pers\u00f6nlichen Daten an Dritte zu anderen als den im Folgenden aufgef\u00fchrten Zwecken findet nicht statt. Wir geben Ihre pers\u00f6nlichen Daten nur an Dritte weiter, wenn:<br>\u2022 Sie Ihre nach Art. 6 Abs. 1 S. 1 lit. a DSGVO ausdr\u00fcckliche Einwilligung dazu erteilt haben,<br>\u2022 die Weitergabe nach Art. 6 Abs. 1 S. 1 lit. f DSGVO zur Geltendmachung, Aus\u00fcbung oder Verteidigung von Rechtsanspr\u00fcchen erforderlich ist und kein Grund zur Annahme besteht, dass Sie ein \u00fcberwiegendes schutzw\u00fcrdiges Interesse an der Nichtweitergabe Ihrer Daten haben,<br>\u2022 f\u00fcr den Fall, dass f\u00fcr die Weitergabe nach Art. 6 Abs. 1 S. 1 lit. c DSGVO eine gesetzliche Verpflichtung besteht, sowie<br>\u2022 dies gesetzlich zul\u00e4ssig und nach Art. 6 Abs. 1 S. 1 lit. b DSGVO f\u00fcr die Abwicklung von Vertragsverh\u00e4ltnissen mit Ihnen erforderlich ist.<\/li>\n<\/ol>\n\n\n\n<p>Daneben erhalten unsere Auftragsverarbeiter Ihre personenbezogenen Daten zur weisungsgebundenen Verarbeitung, soweit dies zur Erf\u00fcllung des Auftrages erforderlich ist. Unsere Auftragsverarbeiter haben kein eigenes Nutzungsrecht an Ihren Daten.<\/p>\n\n\n\n<ol start=\"5\">\n<li>Datensicherheit<br>Wir verwenden innerhalb des Website-Besuchs das verbreitete SSL-Verfahren (Secure Socket Layer) in Verbindung mit der jeweils h\u00f6chsten Verschl\u00fcsselungsstufe, die von Ihrem Browser unterst\u00fctzt wird. In der Regel handelt es sich dabei um eine 256-Bit Verschl\u00fcsselung. Falls Ihr Browser keine 256-Bit Verschl\u00fcsselung unterst\u00fctzt, greifen wir stattdessen auf 128-Bit v3 Technologie zur\u00fcck. Ob eine einzel-ne Seite unseres Internetauftrittes verschl\u00fcsselt \u00fcbertragen wird, erkennen Sie an der geschlossenen Darstellung des Sch\u00fcssel- beziehungsweise Schloss-Symbols bzw. an der Verwendung von https vor der Adresse unserer (Unter-)Webseite. Wir bedienen uns im \u00dcbrigen geeigneter technischer und organisatorischer Sicherheitsma\u00dfnahmen, um Ihre Daten gegen zuf\u00e4llige oder vors\u00e4tzliche Manipulationen, teilweisen oder vollst\u00e4ndigen Verlust, Zerst\u00f6rung oder gegen den unbefugten Zugriff Dritter zu sch\u00fctzen. Unsere Sicherheitsma\u00dfnahmen werden entsprechend der technologischen Entwicklung fortlaufend verbessert.<\/li>\n\n\n\n<li>Drittl\u00e4nder<br>Eine \u00dcbermittlung Ihrer Daten in Drittl\u00e4nder findet in der Regel nicht statt. Sofern wir Ihre Daten in ein Drittland \u00fcbermitteln, werden Sie dar\u00fcber in den speziellen Datenschutzinformationen zu dem jeweiligen Verarbeitungsprozess unter Angabe der jeweiligen gesetzlichen Regelung informiert.<\/li>\n<\/ol>\n\n\n\n<p>Spezielle Datenschutzinformationen<\/p>\n\n\n\n<ol>\n<li>Beim Besuch der Website<br>Beim Aufrufen unserer Website werden durch den auf Ihrem Endger\u00e4t zum Einsatz kommenden Browser automatisch Informationen an den Server unserer Website gesendet. Diese Informationen werden tempor\u00e4r in einem sog. Logfile gespeichert. Folgende Informationen werden dabei ohne Ihr Zutun erfasst und bis zur automatisierten L\u00f6schung gespeichert:<\/li>\n<\/ol>\n\n\n\n<p>\u2022 IP-Adresse des anfragenden Rechners,<br>\u2022 Datum und Uhrzeit des Zugriffs,<br>\u2022 Name und URL der abgerufenen Datei,<br>\u2022 Website, von der aus der Zugriff erfolgt (Referrer-URL),<br>\u2022 verwendeter Browser und ggf. das Betriebssystem Ihres Rechners sowie der Name Ihres Access-Providers.<\/p>\n\n\n\n<p>Die genannten Daten werden durch uns zu folgenden Zwecken verarbeitet:<\/p>\n\n\n\n<p>\u2022 Gew\u00e4hrleistung eines reibungslosen Verbindungsaufbaus der Website,<br>\u2022 Gew\u00e4hrleistung einer komfortablen Nutzung unserer Website,<br>\u2022 Auswertung der Systemsicherheit und -stabilit\u00e4t sowie<br>\u2022 zu weiteren administrativen Zwecken.<\/p>\n\n\n\n<p>Die Rechtsgrundlage f\u00fcr die Datenverarbeitung ist Art. 6 Abs. 1 S. 1 lit. f DSGVO. Unser berechtigtes Interesse besteht in dem Betrieb unserer Webseite und der damit verbundenen Darstellung unseres Unternehmens.<br>Die L\u00f6schung Ihrer Daten erfolgt, sobald Sie f\u00fcr die angegebenen Zwecke nicht mehr ben\u00f6tigt werden, sp\u00e4testens nach 6 Monaten.<\/p>\n\n\n\n<ol start=\"2\">\n<li>Bei Nutzung unseres Kontaktformulars<br>Bei Fragen jeglicher Art bieten wir Ihnen die M\u00f6glichkeit, mit uns \u00fcber ein auf der Website bereitgestelltes Formular Kontakt aufzunehmen. Dabei ist die Angabe Ihres Namens sowie einer g\u00fcltigen E-Mail-Adresse und Telefonnummer erforderlich, damit wir wissen, von wem die Anfrage stammt und um diese beantworten zu k\u00f6nnen. Weitere Angaben k\u00f6nnen freiwillig get\u00e4tigt werden.<br>Die Datenverarbeitung zum Zwecke der Kontaktaufnahme mit uns erfolgt nach Art. 6 Abs. 1 S. 1 lit. f) DSGVO auf Grundlage unseres berechtigten Interesses an der Kommunikation mit Interessenten und Mietern sowie der Beantwortung der eingegangenen Anfragen. Die f\u00fcr die Benutzung des Kontaktformulars von uns erhobenen personenbezogenen Daten werden nach Erledigung der von Ihnen gestellten Anfrage gel\u00f6scht.<br>Zielt Ihre Anfrage auf den Abschluss eines Vertrages ab, dient Art. 6 Abs. 1 S. 1 lit. b) DSGVO als Rechtsgrundlage. In diesem Fall speichern wir Ihre Daten f\u00fcr die Dauer des Vertragsverh\u00e4ltnisses bzw. f\u00fcr die Dauer der gesetzlichen Aufbewahrungsfristen.<\/li>\n\n\n\n<li>Cookies<br>Wir setzen auf unserer Seite Cookies ein. Bei Cookies handelt es sich um kleine Dateien, die Ihr Browser automatisch erstellt und die auf Ihrem Endger\u00e4t (Laptop, Tablet, Smartphone o.\u00e4.) gespeichert werden. Cookies richten auf Ihrem Endger\u00e4t keinen Schaden an, enthalten keine Viren, Trojaner oder sonstige Schadsoftware. In dem Cookie werden Informationen abgelegt, die sich jeweils im Zusammenhang mit dem spezifisch eingesetzten Endger\u00e4t ergeben. Dies bedeutet jedoch nicht, dass wir dadurch unmittelbar Kenntnis von Ihrer Identit\u00e4t erhalten.<\/li>\n<\/ol>\n\n\n\n<p>Wir verwenden ausschlie\u00dflich technisch notwendige Cookies. Der Einsatz dieser erforderlichen Cookies dient dazu, die Dienste der Website bereitzustellen und die Nutzung unseres Angebots f\u00fcr Sie angenehmer zu gestalten.<br>Wir verarbeiten ihre personenbezogenen Daten, die mit diesen Cookies erfasst werden aufgrund unseres berechtigten Interesses an Darstellung unserer angebotenen Ferienwohnung \u00fcber die von Ihnen aufgerufene Webseite sowie zur F\u00f6rderung der Benutzerfreundlichkeit. Die Rechtsgrundlage f\u00fcr die Verarbeitung ist Art. 6 Abs. 1 S. 1 lit. f DSGVO.<br>Die meisten Browser akzeptieren diese Cookies und \u00e4hnliche Tools automatisch. Sie k\u00f6nnen Ihren Browser jedoch so konfigurieren, dass keine Cookies oder \u00e4hnliche Tools auf Ihrem Computer gespeichert werden oder stets ein Hinweis erscheint, bevor ein solcher Cookie oder \u00e4hnliches Tool angelegt wird. Die vollst\u00e4ndige Deaktivierung kann jedoch dazu f\u00fchren, dass die Webseite nicht korrekt angezeigt wird oder Sie nicht alle Funktionen unserer Webseite nutzen k\u00f6nnen.<br>Die jeweiligen Funktionsbeschreibungen, etwaige Empf\u00e4nger der Daten, Angaben zu m\u00f6glichen \u00dcbertragungen in ein Drittland und die Speicherdauer finden Sie in den nachfolgenden Hinweisen zu den einzelnen erforderlichen Cookies bzw. \u00e4hnlichen Tools und den damit verbundenen Verarbeitungsprozessen.<\/p>\n\n\n\n<p>Cookie-Banner<\/p>\n\n\n\n<p>Unsere Website nutzt die Consent-Technologie von Borlabs Cookie der Borlabs GmbH, Hamburger Str. 11, 22083 Hamburg, Deutschland (im Folgenden: Borlabs), um Ihre Einwilligung zur Speicherung bestimmter Cookies in Ihrem Browser oder zum Einsatz bestimmter Technologien einzuholen und diese datenschutzkonform zu dokumentieren.<br>Wenn Sie unsere Website betreten, wird ein Borlabs-Cookie in Ihrem Browser gespeichert, in dem die von Ihnen erteilten Einwilligungen oder der Widerruf dieser Einwilligungen gespeichert werden. Diese Daten werden nicht an den Anbieter von Borlabs Cookie weitergegeben.Die erfassten Daten werden gespeichert, bis Sie uns zur L\u00f6schung auffordern bzw. das Borlabs-Cookie selbst l\u00f6schen oder der Zweck f\u00fcr die Datenspeicherung entf\u00e4llt. Zwingende gesetzliche Aufbewahrungsfristen bleiben unber\u00fchrt. Der Einsatz der Borlabs-Cookie-Consent-Technologie erfolgt, um die gesetzlich vorgeschriebenen Einwilligungen f\u00fcr den Einsatz von Cookies einzuholen. Rechtsgrundlage hierf\u00fcr ist Art. 6 Abs. 1 lit. c DSGVO. Details zur Datenverarbeitung von Borlabs Cookie finden Sie unter https:\/\/de.borlabs.io\/kb\/welche-daten-speichert-borlabs-cookie\/<\/p>\n","protected":false},"excerpt":{"rendered":"<p>Allgemeine Datenschutzinformationen J\u00fcrgen und Renate KrapohlEichendorffstra\u00dfe 5238667 Bad Harzubrg E-Mail: juergen-krapohl@t-online.de Daneben erhalten unsere Auftragsverarbeiter Ihre personenbezogenen Daten zur weisungsgebundenen Verarbeitung, soweit dies zur Erf\u00fcllung des Auftrages erforderlich ist. Unsere Auftragsverarbeiter haben kein eigenes Nutzungsrecht an Ihren Daten. Spezielle Datenschutzinformationen \u2022 IP-Adresse des anfragenden Rechners,\u2022 Datum und Uhrzeit des Zugriffs,\u2022 Name und URL der abgerufenen &hellip; <\/p>\n<p class=\"link-more\"><a href=\"https:\/\/ferienwohnung-krapohl.de\/?page_id=1593\" class=\"more-link\"><span class=\"screen-reader-text\">\u201eDatenschutzerkl\u00e4rung\u201c<\/span> weiterlesen<\/a><\/p>\n","protected":false},"author":1,"featured_media":0,"parent":0,"menu_order":0,"comment_status":"closed","ping_status":"closed","template":"","meta":{"ngg_post_thumbnail":0,"footnotes":""},"_links":{"self":[{"href":"https:\/\/ferienwohnung-krapohl.de\/index.php?rest_route=\/wp\/v2\/pages\/1593"}],"collection":[{"href":"https:\/\/ferienwohnung-krapohl.de\/index.php?rest_route=\/wp\/v2\/pages"}],"about":[{"href":"https:\/\/ferienwohnung-krapohl.de\/index.php?rest_route=\/wp\/v2\/types\/page"}],"author":[{"embeddable":true,"href":"https:\/\/ferienwohnung-krapohl.de\/index.php?rest_route=\/wp\/v2\/users\/1"}],"replies":[{"embeddable":true,"href":"https:\/\/ferienwohnung-krapohl.de\/index.php?rest_route=%2Fwp%2Fv2%2Fcomments&post=1593"}],"version-history":[{"count":1,"href":"https:\/\/ferienwohnung-krapohl.de\/index.php?rest_route=\/wp\/v2\/pages\/1593\/revisions"}],"predecessor-version":[{"id":1594,"href":"https:\/\/ferienwohnung-krapohl.de\/index.php?rest_route=\/wp\/v2\/pages\/1593\/revisions\/1594"}],"wp:attachment":[{"href":"https:\/\/ferienwohnung-krapohl.de\/index.php?rest_route=%2Fwp%2Fv2%2Fmedia&parent=1593"}],"curies":[{"name":"wp","href":"https:\/\/api.w.org\/{rel}","templated":true}]}}